{"id":460,"date":"2024-08-27T10:59:32","date_gmt":"2024-08-27T08:59:32","guid":{"rendered":"https:\/\/steelspain.com\/contacte\/"},"modified":"2026-02-02T12:48:41","modified_gmt":"2026-02-02T11:48:41","slug":"contacte","status":"publish","type":"page","link":"https:\/\/steelspain.com\/ca\/contacte\/","title":{"rendered":"Contacte"},"content":{"rendered":"<section class=\"l-section wpb_row us_custom_c70c97eb height_medium full_height valign_center color_primary with_img\"><div class=\"l-section-img\" role=\"img\" aria-label=\"Cases prefabricades a Madrid\" data-img-width=\"1200\" data-img-height=\"673\" style=\"background-image: url(https:\/\/steelspain.com\/wp-content\/uploads\/2024\/08\/72106.jpg);\"><\/div><div class=\"l-section-overlay\" style=\"background:rgba(0,0,0,0.70)\"><\/div><div class=\"l-section-h i-cf\"><div class=\"g-cols vc_row via_grid cols_2 laptops-cols_inherit tablets-cols_1 mobiles-cols_1 valign_middle type_default stacking_default\"><div class=\"wpb_column vc_column_container\"><div class=\"vc_column-inner\"><div class=\"wpb_text_column\"><div class=\"wpb_wrapper\"><h2>Contacta&#8217;ns<\/h2>\n<p>Omple el formulari o truca&#8217;ns i demana informaci\u00f3 gratu\u00eftament i sense comprom\u00eds.<\/p>\n<\/div><\/div><div class=\"w-separator size_medium\"><\/div><div class=\"w-text us_custom_af9f2a0f icon_atleft\"><a href=\"mailto:info@steelspain.com\" class=\"w-text-h\"><i class=\"fas fa-envelope\"><\/i><span class=\"w-text-value\">info@steelspain.com<\/span><\/a><\/div><div class=\"w-separator size_small\"><\/div><div class=\"w-text us_custom_af9f2a0f icon_atleft\"><a target=\"_blank\" rel=\"nofollow\" href=\"tel:+34691299981\" class=\"w-text-h\"><i class=\"fas fa-phone\"><\/i><span class=\"w-text-value\">+34 691 299 981<\/span><\/a><\/div><\/div><\/div><div class=\"wpb_column vc_column_container us_custom_e5cabf0a has_bg_color\"><div class=\"vc_column-inner\"><form class=\"w-form  us-field-style_1 us_custom_a574d586 has_text_color layout_ver show_message_after_sending for_cform us_form_1\" action=\"https:\/\/steelspain.com\/ca\/wp-json\/wp\/v2\/pages\/460\" method=\"post\"><div class=\"w-form-h\"><div class=\"w-form-row for_text required cols_2\">\r\n\t\t<div class=\"w-form-row-field\">\r\n\t\t\t\t\t\t<input aria-label=\"Nom\" type=\"text\" name=\"us_form_1_text_1\" value placeholder=\"Nom *\" data-required=\"true\" aria-required=\"true\"\/>\r\n\t\t\t<\/div>\r\n\t\t<div class=\"w-form-row-state\">Fill out this field<\/div>\r\n<\/div>\r\n<div class=\"w-form-row for_text required cols_2\">\r\n\t\t<div class=\"w-form-row-field\">\r\n\t\t\t\t\t\t<input aria-label=\"Cognoms\" type=\"text\" name=\"us_form_1_text_2\" value placeholder=\"Cognoms *\" data-required=\"true\" aria-required=\"true\"\/>\r\n\t\t\t<\/div>\r\n\t\t<div class=\"w-form-row-state\">Fill out this field<\/div>\r\n<\/div>\r\n<div class=\"w-form-row for_email required cols_2\">\r\n\t\t<div class=\"w-form-row-field\">\r\n\t\t\t\t\t\t<input aria-label=\"Correu electr\u00f2nic\" type=\"email\" name=\"us_form_1_email_1\" value placeholder=\"Correu electr\u00f2nic *\" data-required=\"true\" aria-required=\"true\"\/>\r\n\t\t\t<\/div>\r\n\t\t<div class=\"w-form-row-state\">Introdu\u00efu una adre\u00e7a electr\u00f2nica v\u00e0lida.<\/div>\r\n<\/div>\r\n<div class=\"w-form-row for_text cols_2\">\r\n\t\t<div class=\"w-form-row-field\">\r\n\t\t\t\t\t\t<input aria-label=\"Tel\u00e8fon\" inputmode=\"tel\" type=\"text\" name=\"us_form_1_text_3\" value placeholder=\"Tel\u00e8fon\"\/>\r\n\t\t\t<\/div>\r\n\t\t<div class=\"w-form-row-state\">Fill out this field<\/div>\r\n<\/div>\r\n<div class=\"w-form-row for_textarea\">\r\n\t\t<div class=\"w-form-row-field\">\r\n\t\t\t\t\t\t<textarea aria-label=\"En qu\u00e8 et podem ajudar?\" name=\"us_form_1_textarea_1\" placeholder=\"En qu\u00e8 et podem ajudar?\"><\/textarea>\r\n\t\t\t<\/div>\r\n\t\t<div class=\"w-form-row-state\">Fill out this field<\/div>\r\n<\/div>\r\n<div class=\"w-form-row for_captcha required\">\r\n\t<div class=\"w-form-row-label\">\r\n\t\t<span> <span>22 + 11 = ?<\/span><\/span>\r\n\t<\/div>\r\n\t<div class=\"w-form-row-field\">\r\n\t\t\t\t<input type=\"hidden\" name=\"us_form_1_captcha_1_hash\" value=\"4a3ff22a6f6fcf3ccd2c9627bae18294\" \/>\r\n\t\t\t\t<input aria-label=\"us_form_1_captcha_1\" type=\"text\" name=\"us_form_1_captcha_1\" placeholder data-required=\"true\" aria-required=\"true\"\/>\r\n\t\t\t<\/div>\r\n\t\t<div class=\"w-form-row-state\">Enter the equation result to proceed<\/div>\r\n<\/div>\r\n<input type=\"hidden\" name=\"action\" value=\"us_ajax_cform\" \/>\r\n<input type=\"hidden\" name=\"post_id\" value=\"0\" \/>\r\n<input type=\"hidden\" name=\"form_index\" value=\"1\" \/>\r\n<div class=\"w-form-row for_submit align_justify\">\r\n\t<button class=\"w-btn  us-btn-style_1\" aria-label=\"Envia\" type=\"submit\">\r\n\t\t<span class=\"g-preloader type_1\"><\/span>\r\n\t\t\t\t<span class=\"w-btn-label\">Envia<\/span>\r\n\t\t\t<\/button>\r\n\t<\/div>\r\n<\/div><div class=\"w-form-message\"><\/div><div class=\"w-form-json hidden\" onclick='return {&quot;ajaxurl&quot;:&quot;https:\\\/\\\/steelspain.com\\\/wp-admin\\\/admin-ajax.php&quot;,&quot;messages&quot;:{&quot;err_empty&quot;:&quot;Fill out this field&quot;,&quot;err_size&quot;:&quot;File size cannot exceed %s MB&quot;,&quot;err_extension&quot;:&quot;%s file type is not allowed&quot;,&quot;err_recaptcha_keys&quot;:&quot;reCAPTCHA keys are incorrect&quot;}}'><\/div><\/form><\/div><\/div><\/div><\/div><\/section>\n","protected":false},"excerpt":{"rendered":"Contacta&#8217;ns Omple el formulari o truca&#8217;ns i demana informaci\u00f3 gratu\u00eftament i sense comprom\u00eds. info@steelspain.com+34 691 299 981 Fill out this field Fill out this field Introdu\u00efu una adre\u00e7a electr\u00f2nica v\u00e0lida. Fill out this field Fill out this field 25 + 12 = ? Enter the equation result to proceed Envia","protected":false},"author":1,"featured_media":0,"parent":0,"menu_order":0,"comment_status":"closed","ping_status":"closed","template":"","meta":{"_joinchat":[],"footnotes":""},"class_list":["post-460","page","type-page","status-publish","hentry"],"yoast_head":"<!-- This site is optimized with the Yoast SEO plugin v26.8 - https:\/\/yoast.com\/product\/yoast-seo-wordpress\/ -->\n<title>Contacte - Steel Spain<\/title>\n<meta name=\"description\" content=\"Posa&#039;t en contacte amb Steel Spain per a consultes sobre construcci\u00f3, fabricaci\u00f3 de perfils Steel Frame i m\u00e9s serveis a tot Espanya\" \/>\n<meta name=\"robots\" content=\"index, follow, max-snippet:-1, max-image-preview:large, max-video-preview:-1\" \/>\n<link rel=\"canonical\" href=\"https:\/\/steelspain.com\/ca\/contacte\/\" \/>\n<meta property=\"og:locale\" content=\"ca_ES\" \/>\n<meta property=\"og:type\" content=\"article\" \/>\n<meta property=\"og:title\" content=\"Contacte - Steel Spain\" \/>\n<meta property=\"og:description\" content=\"Posa&#039;t en contacte amb Steel Spain per a consultes sobre construcci\u00f3, fabricaci\u00f3 de perfils Steel Frame i m\u00e9s serveis a tot Espanya\" \/>\n<meta property=\"og:url\" content=\"https:\/\/steelspain.com\/ca\/contacte\/\" \/>\n<meta property=\"og:site_name\" content=\"Steel Spain\" \/>\n<meta property=\"article:modified_time\" content=\"2026-02-02T11:48:41+00:00\" \/>\n<meta property=\"og:image\" content=\"https:\/\/steelspain.com\/wp-content\/uploads\/2024\/08\/30842.jpg\" \/>\n\t<meta property=\"og:image:width\" content=\"1200\" \/>\n\t<meta property=\"og:image:height\" content=\"904\" \/>\n\t<meta property=\"og:image:type\" content=\"image\/jpeg\" \/>\n<meta name=\"twitter:card\" content=\"summary_large_image\" \/>\n<meta name=\"twitter:label1\" content=\"Temps estimat de lectura\" \/>\n\t<meta name=\"twitter:data1\" content=\"1 minut\" \/>\n<script type=\"application\/ld+json\" class=\"yoast-schema-graph\">{\"@context\":\"https:\/\/schema.org\",\"@graph\":[{\"@type\":\"WebPage\",\"@id\":\"https:\/\/steelspain.com\/ca\/contacte\/\",\"url\":\"https:\/\/steelspain.com\/ca\/contacte\/\",\"name\":\"Contacte - Steel Spain\",\"isPartOf\":{\"@id\":\"https:\/\/steelspain.com\/ca\/#website\"},\"datePublished\":\"2024-08-27T08:59:32+00:00\",\"dateModified\":\"2026-02-02T11:48:41+00:00\",\"description\":\"Posa't en contacte amb Steel Spain per a consultes sobre construcci\u00f3, fabricaci\u00f3 de perfils Steel Frame i m\u00e9s serveis a tot Espanya\",\"breadcrumb\":{\"@id\":\"https:\/\/steelspain.com\/ca\/contacte\/#breadcrumb\"},\"inLanguage\":\"ca\",\"potentialAction\":[{\"@type\":\"ReadAction\",\"target\":[\"https:\/\/steelspain.com\/ca\/contacte\/\"]}]},{\"@type\":\"BreadcrumbList\",\"@id\":\"https:\/\/steelspain.com\/ca\/contacte\/#breadcrumb\",\"itemListElement\":[{\"@type\":\"ListItem\",\"position\":1,\"name\":\"Portada\",\"item\":\"https:\/\/steelspain.com\/ca\/\"},{\"@type\":\"ListItem\",\"position\":2,\"name\":\"Contacte\"}]},{\"@type\":\"WebSite\",\"@id\":\"https:\/\/steelspain.com\/ca\/#website\",\"url\":\"https:\/\/steelspain.com\/ca\/\",\"name\":\"Steel Spain\",\"description\":\"Construcci\u00f3n steel framing\",\"publisher\":{\"@id\":\"https:\/\/steelspain.com\/ca\/#organization\"},\"alternateName\":\"Steel Framing\",\"potentialAction\":[{\"@type\":\"SearchAction\",\"target\":{\"@type\":\"EntryPoint\",\"urlTemplate\":\"https:\/\/steelspain.com\/ca\/?s={search_term_string}\"},\"query-input\":{\"@type\":\"PropertyValueSpecification\",\"valueRequired\":true,\"valueName\":\"search_term_string\"}}],\"inLanguage\":\"ca\"},{\"@type\":[\"Organization\",\"Place\",\"LocalBusiness\"],\"@id\":\"https:\/\/steelspain.com\/ca\/#organization\",\"name\":\"Steel Spain\",\"alternateName\":\"Steel Framing\",\"url\":\"https:\/\/steelspain.com\/ca\/\",\"logo\":{\"@id\":\"https:\/\/steelspain.com\/ca\/contacte\/#local-main-organization-logo\"},\"image\":{\"@id\":\"https:\/\/steelspain.com\/ca\/contacte\/#local-main-organization-logo\"},\"address\":{\"@id\":\"https:\/\/steelspain.com\/ca\/contacte\/#local-main-place-address\"},\"geo\":{\"@type\":\"GeoCoordinates\",\"latitude\":\"41.40399770\",\"longitude\":\"2.13678240\"},\"telephone\":[\"+34 691 29 99 81\"],\"contactPoint\":{\"@type\":\"ContactPoint\",\"telephone\":\"+34 691 29 99 81\",\"email\":\"info@steelspain.com\"},\"openingHoursSpecification\":{\"@type\":\"OpeningHoursSpecification\",\"dayOfWeek\":[\"Monday\",\"Tuesday\",\"Wednesday\",\"Thursday\",\"Friday\",\"Saturday\",\"Sunday\"],\"opens\":\"00:00\",\"closes\":\"23:59\"},\"email\":\"info@steelspain.com\",\"areaServed\":\"Barcelona\"},{\"@type\":\"PostalAddress\",\"@id\":\"https:\/\/steelspain.com\/ca\/contacte\/#local-main-place-address\",\"streetAddress\":\"C\/ de Muntaner, 506\",\"addressLocality\":\"Barcelona\",\"postalCode\":\"08022\",\"addressRegion\":\"Barcelona\",\"addressCountry\":\"ES\"},{\"@type\":\"ImageObject\",\"inLanguage\":\"ca\",\"@id\":\"https:\/\/steelspain.com\/ca\/contacte\/#local-main-organization-logo\",\"url\":\"https:\/\/steelspain.com\/wp-content\/uploads\/2024\/08\/Logo-Steel-Spain-2.png\",\"contentUrl\":\"https:\/\/steelspain.com\/wp-content\/uploads\/2024\/08\/Logo-Steel-Spain-2.png\",\"width\":546,\"height\":504,\"caption\":\"Steel Spain\"}]}<\/script>\n<meta name=\"geo.placename\" content=\"Barcelona\" \/>\n<meta name=\"geo.position\" content=\"41.40399770;2.13678240\" \/>\n<meta name=\"geo.region\" content=\"Espanya\" \/>\n<!-- \/ Yoast SEO plugin. -->","yoast_head_json":{"title":"Contacte - Steel Spain","description":"Posa't en contacte amb Steel Spain per a consultes sobre construcci\u00f3, fabricaci\u00f3 de perfils Steel Frame i m\u00e9s serveis a tot Espanya","robots":{"index":"index","follow":"follow","max-snippet":"max-snippet:-1","max-image-preview":"max-image-preview:large","max-video-preview":"max-video-preview:-1"},"canonical":"https:\/\/steelspain.com\/ca\/contacte\/","og_locale":"ca_ES","og_type":"article","og_title":"Contacte - Steel Spain","og_description":"Posa't en contacte amb Steel Spain per a consultes sobre construcci\u00f3, fabricaci\u00f3 de perfils Steel Frame i m\u00e9s serveis a tot Espanya","og_url":"https:\/\/steelspain.com\/ca\/contacte\/","og_site_name":"Steel Spain","article_modified_time":"2026-02-02T11:48:41+00:00","og_image":[{"width":1200,"height":904,"url":"https:\/\/steelspain.com\/wp-content\/uploads\/2024\/08\/30842.jpg","type":"image\/jpeg"}],"twitter_card":"summary_large_image","twitter_misc":{"Temps estimat de lectura":"1 minut"},"schema":{"@context":"https:\/\/schema.org","@graph":[{"@type":"WebPage","@id":"https:\/\/steelspain.com\/ca\/contacte\/","url":"https:\/\/steelspain.com\/ca\/contacte\/","name":"Contacte - Steel Spain","isPartOf":{"@id":"https:\/\/steelspain.com\/ca\/#website"},"datePublished":"2024-08-27T08:59:32+00:00","dateModified":"2026-02-02T11:48:41+00:00","description":"Posa't en contacte amb Steel Spain per a consultes sobre construcci\u00f3, fabricaci\u00f3 de perfils Steel Frame i m\u00e9s serveis a tot Espanya","breadcrumb":{"@id":"https:\/\/steelspain.com\/ca\/contacte\/#breadcrumb"},"inLanguage":"ca","potentialAction":[{"@type":"ReadAction","target":["https:\/\/steelspain.com\/ca\/contacte\/"]}]},{"@type":"BreadcrumbList","@id":"https:\/\/steelspain.com\/ca\/contacte\/#breadcrumb","itemListElement":[{"@type":"ListItem","position":1,"name":"Portada","item":"https:\/\/steelspain.com\/ca\/"},{"@type":"ListItem","position":2,"name":"Contacte"}]},{"@type":"WebSite","@id":"https:\/\/steelspain.com\/ca\/#website","url":"https:\/\/steelspain.com\/ca\/","name":"Steel Spain","description":"Construcci\u00f3n steel framing","publisher":{"@id":"https:\/\/steelspain.com\/ca\/#organization"},"alternateName":"Steel Framing","potentialAction":[{"@type":"SearchAction","target":{"@type":"EntryPoint","urlTemplate":"https:\/\/steelspain.com\/ca\/?s={search_term_string}"},"query-input":{"@type":"PropertyValueSpecification","valueRequired":true,"valueName":"search_term_string"}}],"inLanguage":"ca"},{"@type":["Organization","Place","LocalBusiness"],"@id":"https:\/\/steelspain.com\/ca\/#organization","name":"Steel Spain","alternateName":"Steel Framing","url":"https:\/\/steelspain.com\/ca\/","logo":{"@id":"https:\/\/steelspain.com\/ca\/contacte\/#local-main-organization-logo"},"image":{"@id":"https:\/\/steelspain.com\/ca\/contacte\/#local-main-organization-logo"},"address":{"@id":"https:\/\/steelspain.com\/ca\/contacte\/#local-main-place-address"},"geo":{"@type":"GeoCoordinates","latitude":"41.40399770","longitude":"2.13678240"},"telephone":["+34 691 29 99 81"],"contactPoint":{"@type":"ContactPoint","telephone":"+34 691 29 99 81","email":"info@steelspain.com"},"openingHoursSpecification":{"@type":"OpeningHoursSpecification","dayOfWeek":["Monday","Tuesday","Wednesday","Thursday","Friday","Saturday","Sunday"],"opens":"00:00","closes":"23:59"},"email":"info@steelspain.com","areaServed":"Barcelona"},{"@type":"PostalAddress","@id":"https:\/\/steelspain.com\/ca\/contacte\/#local-main-place-address","streetAddress":"C\/ de Muntaner, 506","addressLocality":"Barcelona","postalCode":"08022","addressRegion":"Barcelona","addressCountry":"ES"},{"@type":"ImageObject","inLanguage":"ca","@id":"https:\/\/steelspain.com\/ca\/contacte\/#local-main-organization-logo","url":"https:\/\/steelspain.com\/wp-content\/uploads\/2024\/08\/Logo-Steel-Spain-2.png","contentUrl":"https:\/\/steelspain.com\/wp-content\/uploads\/2024\/08\/Logo-Steel-Spain-2.png","width":546,"height":504,"caption":"Steel Spain"}]},"geo.placename":"Barcelona","geo.position":{"lat":"41.40399770","long":"2.13678240"},"geo.region":"Espanya"},"_links":{"self":[{"href":"https:\/\/steelspain.com\/ca\/wp-json\/wp\/v2\/pages\/460","targetHints":{"allow":["GET"]}}],"collection":[{"href":"https:\/\/steelspain.com\/ca\/wp-json\/wp\/v2\/pages"}],"about":[{"href":"https:\/\/steelspain.com\/ca\/wp-json\/wp\/v2\/types\/page"}],"author":[{"embeddable":true,"href":"https:\/\/steelspain.com\/ca\/wp-json\/wp\/v2\/users\/1"}],"replies":[{"embeddable":true,"href":"https:\/\/steelspain.com\/ca\/wp-json\/wp\/v2\/comments?post=460"}],"version-history":[{"count":4,"href":"https:\/\/steelspain.com\/ca\/wp-json\/wp\/v2\/pages\/460\/revisions"}],"predecessor-version":[{"id":674,"href":"https:\/\/steelspain.com\/ca\/wp-json\/wp\/v2\/pages\/460\/revisions\/674"}],"wp:attachment":[{"href":"https:\/\/steelspain.com\/ca\/wp-json\/wp\/v2\/media?parent=460"}],"curies":[{"name":"wp","href":"https:\/\/api.w.org\/{rel}","templated":true}]}}